{"id":108,"date":"2017-07-01T14:21:09","date_gmt":"2017-07-01T13:21:09","guid":{"rendered":"http:\/\/mt.botz.hu\/?page_id=108\/"},"modified":"2026-02-20T12:31:52","modified_gmt":"2026-02-20T11:31:52","slug":"front-page","status":"publish","type":"page","link":"https:\/\/musicteacher.hu\/fr\/","title":{"rendered":"Front page"},"content":{"rendered":"<h1 align=\"center\"><strong><span class=\"boldtext\">Bienvenu sur le site des professeurs priv\u00e9s de musique\u00a0! <\/span><\/strong><\/h1>\n<p class=\"text\" align=\"left\">Voudriez-vous avoir, pour vous ou votre enfant, une \u00e9ducation de musique personnalis\u00e9e\u00a0? Voudriez-vous apprendre facilement le solfege, en apprenant a jouer d&rsquo;un instrument de musique\u00a0? Et tout cela, <em>chez vous<\/em>\u00a0?<\/p>\n<p class=\"text\" align=\"left\"><strong>Musicteacher<\/strong> est un site Internet con\u00e7u pour \u00e9tablir des relations entre \u00e9tudiants et professeurs de musique priv\u00e9s. On attend des \u00e9leves quel que soit leur \u00e2ge et leur niveau en musique\u00a0! Des recherches ont d\u00e9montr\u00e9 que la pratique quotidienne d&rsquo;un instrument de musique aide a d\u00e9velopper la concentration des \u00e9leves, la cr\u00e9ativit\u00e9 et la r\u00e9alisation de soi-meme, sans parler des exp\u00e9riences positives que vous pouvez avoir gr\u00e2ce a l&rsquo;\u00e9coute de la musique.<\/p>\n<p class=\"text\">Les cours priv\u00e9s durent en g\u00e9n\u00e9ral 60 minutes et comprennent une \u00e9ducation musicale int\u00e9gr\u00e9e\u00a0: apprentissage du solfege et d&rsquo;un instrument de musique, dans le cadre du meme cours. Il est plus facile d&rsquo;apprendre plus profond\u00e9ment la th\u00e9orie de la musique et le solfege en apprenant en meme temps a jouer d&rsquo;un instrument.<\/p>\n<p class=\"text\">Le haut niveau d&rsquo;\u00e9ducation de nos professeurs de musique offre la garantie d&rsquo;un apprentissage rapide, qu&rsquo;il s&rsquo;agisse de vous ou de votre enfant. Nos formations sont accessibles pour n&rsquo;importe quelle g\u00e9n\u00e9ration et dans plusieurs langues.<\/p>\n<p class=\"text\">Le <strong>piano, le violon, l&rsquo;alto, la guitare et le violoncelle<\/strong> peuvent etre commenc\u00e9s des l&rsquo;\u00e2ge de 7 ans, <strong>la flute, la clarinette, le saxophone, la trompette et la contrebasse<\/strong>sont recommand\u00e9s a partir de l&rsquo;\u00e2ge de 9 ans mais,\u00a0 les cours de chant d\u00e8s l&rsquo;\u00e2ge de 16 ans pour les filles et apr\u00e8s la mue pour les gar\u00e7ons, en tout cas, on vous conseille de consulter nos professeurs.<\/p>\n<p class=\"text\"><strong>Les instruments de musique\u00a0: <\/strong>Ceux qui d\u00e9sirent jouer du <strong>piano <\/strong>doivent avoir l&rsquo;instrument acoustique chez eux (piano ou pianino). Quant aux autres instruments, vous pouvez les acheter ou les louer. Avant tout achat, consultez notre professeurs.<\/p>\n","protected":false},"excerpt":{"rendered":"<p>Bienvenu sur le site des professeurs priv\u00e9s de musique\u00a0! Voudriez-vous avoir, pour vous ou votre enfant, une \u00e9ducation de musique personnalis\u00e9e\u00a0? Voudriez-vous apprendre facilement le solfege, en apprenant a jouer d&rsquo;un instrument de musique\u00a0? Et tout cela, chez vous\u00a0? Musicteacher est un site Internet con\u00e7u pour \u00e9tablir des relations entre \u00e9tudiants et professeurs de musique [&hellip;]<\/p>\n","protected":false},"author":1,"featured_media":0,"parent":0,"menu_order":0,"comment_status":"closed","ping_status":"closed","template":"","meta":{"footnotes":""},"class_list":["post-108","page","type-page","status-publish","hentry"],"_links":{"self":[{"href":"https:\/\/musicteacher.hu\/fr\/wp-json\/wp\/v2\/pages\/108","targetHints":{"allow":["GET"]}}],"collection":[{"href":"https:\/\/musicteacher.hu\/fr\/wp-json\/wp\/v2\/pages"}],"about":[{"href":"https:\/\/musicteacher.hu\/fr\/wp-json\/wp\/v2\/types\/page"}],"author":[{"embeddable":true,"href":"https:\/\/musicteacher.hu\/fr\/wp-json\/wp\/v2\/users\/1"}],"replies":[{"embeddable":true,"href":"https:\/\/musicteacher.hu\/fr\/wp-json\/wp\/v2\/comments?post=108"}],"version-history":[{"count":4,"href":"https:\/\/musicteacher.hu\/fr\/wp-json\/wp\/v2\/pages\/108\/revisions"}],"predecessor-version":[{"id":4877,"href":"https:\/\/musicteacher.hu\/fr\/wp-json\/wp\/v2\/pages\/108\/revisions\/4877"}],"wp:attachment":[{"href":"https:\/\/musicteacher.hu\/fr\/wp-json\/wp\/v2\/media?parent=108"}],"curies":[{"name":"wp","href":"https:\/\/api.w.org\/{rel}","templated":true}]}}