{"id":333,"date":"2017-09-16T17:34:18","date_gmt":"2017-09-16T16:34:18","guid":{"rendered":"http:\/\/mt.botz.hu\/?page_id=333"},"modified":"2017-09-17T14:17:32","modified_gmt":"2017-09-17T13:17:32","slug":"louer-un-instrument-du-musique","status":"publish","type":"page","link":"https:\/\/musicteacher.hu\/fr\/louer-un-instrument-du-musique\/","title":{"rendered":"Louer un instrument du musique"},"content":{"rendered":"<h2>Louer <em>plut\u00f4t<\/em> que acheter un instrument musicale?<\/h2>\n<p>Pour louer un instrument de musique \u00e9crivez un message ou appelez aux +3670-330-4386<\/p>\n\n<div class=\"wpcf7 no-js\" id=\"wpcf7-f332-o1\" lang=\"hu-HU\" dir=\"ltr\" data-wpcf7-id=\"332\">\n<div class=\"screen-reader-response\"><p role=\"status\" aria-live=\"polite\" aria-atomic=\"true\"><\/p> <ul><\/ul><\/div>\n<form action=\"\/fr\/wp-json\/wp\/v2\/pages\/333#wpcf7-f332-o1\" method=\"post\" class=\"wpcf7-form init\" aria-label=\"Kapcsolatfelv\u00e9teli \u0171rlap\" novalidate=\"novalidate\" data-status=\"init\">\n<div style=\"display: none;\">\n<input type=\"hidden\" name=\"_wpcf7\" value=\"332\" \/>\n<input type=\"hidden\" name=\"_wpcf7_version\" value=\"6.0.5\" \/>\n<input type=\"hidden\" name=\"_wpcf7_locale\" value=\"hu_HU\" \/>\n<input type=\"hidden\" name=\"_wpcf7_unit_tag\" value=\"wpcf7-f332-o1\" \/>\n<input type=\"hidden\" name=\"_wpcf7_container_post\" value=\"0\" \/>\n<input type=\"hidden\" name=\"_wpcf7_posted_data_hash\" value=\"\" \/>\n<\/div>\n<p><label> <span class=\"label-text\">Votre nome <span class=\"req\">*<\/span><\/span> <span class=\"wpcf7-form-control-wrap\" data-name=\"your-name\"><input size=\"40\" maxlength=\"400\" class=\"wpcf7-form-control wpcf7-text wpcf7-validates-as-required\" aria-required=\"true\" aria-invalid=\"false\" value=\"\" type=\"text\" name=\"your-name\" \/><\/span> <\/label>\n<\/p>\n<p><label> <span class=\"label-text\">Votre adresse e-mail <span class=\"req\">*<\/span><\/span> <span class=\"wpcf7-form-control-wrap\" data-name=\"your-email\"><input size=\"40\" maxlength=\"400\" class=\"wpcf7-form-control wpcf7-email wpcf7-validates-as-required wpcf7-text wpcf7-validates-as-email\" aria-required=\"true\" aria-invalid=\"false\" value=\"\" type=\"email\" name=\"your-email\" \/><\/span> <\/label>\n<\/p>\n<p><label> <span class=\"label-text\">Votre num\u00e9ro de t\u00e9l\u00e9phone <span class=\"req\">*<\/span><\/span> <span class=\"wpcf7-form-control-wrap\" data-name=\"your-phone\"><input size=\"40\" maxlength=\"400\" class=\"wpcf7-form-control wpcf7-text wpcf7-validates-as-required\" aria-required=\"true\" aria-invalid=\"false\" value=\"\" type=\"text\" name=\"your-phone\" \/><\/span> <\/label>\n<\/p>\n<p><label class=\"top-label\"> <span class=\"label-text\">Votre message<span class=\"req\">*<\/span><\/span> <span class=\"wpcf7-form-control-wrap\" data-name=\"your-message\"><textarea cols=\"40\" rows=\"10\" maxlength=\"2000\" class=\"wpcf7-form-control wpcf7-textarea wpcf7-validates-as-required\" aria-required=\"true\" aria-invalid=\"false\" name=\"your-message\"><\/textarea><\/span> <\/label>\n<\/p>\n<div class=\"captcha-row\">\n\t<div class=\"left\">\n\t\t<p><span class=\"label-text\">Code de s\u00e9curit\u00e9 <\/span>\n\t\t<\/p>\n\t\t<p><small>\u00c9crivez aux champ droite!<\/small>\n\t\t<\/p>\n\t<\/div>\n\t<div class=\"right\">\n\t\t<p><input type=\"hidden\" name=\"_wpcf7_captcha_challenge_captcha-1\" value=\"197222415\" \/><img loading=\"lazy\" decoding=\"async\" class=\"wpcf7-form-control wpcf7-captchac wpcf7-captcha-captcha-1\" width=\"72\" height=\"24\" alt=\"captcha\" src=\"https:\/\/musicteacher.hu\/wp-content\/uploads\/wpcf7_captcha\/197222415.png\" \/><span class=\"wpcf7-form-control-wrap\" data-name=\"captcha-1\"><input size=\"40\" class=\"wpcf7-form-control wpcf7-captchar\" autocomplete=\"off\" aria-invalid=\"false\" value=\"\" type=\"text\" name=\"captcha-1\" \/><\/span>\n\t\t<\/p>\n\t<\/div>\n<\/div>\n<div class=\"submit-row\">\n\t<p><input class=\"wpcf7-form-control wpcf7-submit has-spinner\" type=\"submit\" value=\"K\u00fcld\u00e9s\" \/>\n\t<\/p>\n<\/div><div class=\"wpcf7-response-output\" aria-hidden=\"true\"><\/div>\n<\/form>\n<\/div>\n\n","protected":false},"excerpt":{"rendered":"<p>Louer plut\u00f4t que acheter un instrument musicale? Pour louer un instrument de musique \u00e9crivez un message ou appelez aux +3670-330-4386<\/p>\n","protected":false},"author":1,"featured_media":0,"parent":0,"menu_order":0,"comment_status":"closed","ping_status":"closed","template":"page-leftimage.php","meta":{"footnotes":""},"class_list":["post-333","page","type-page","status-publish","hentry"],"_links":{"self":[{"href":"https:\/\/musicteacher.hu\/fr\/wp-json\/wp\/v2\/pages\/333","targetHints":{"allow":["GET"]}}],"collection":[{"href":"https:\/\/musicteacher.hu\/fr\/wp-json\/wp\/v2\/pages"}],"about":[{"href":"https:\/\/musicteacher.hu\/fr\/wp-json\/wp\/v2\/types\/page"}],"author":[{"embeddable":true,"href":"https:\/\/musicteacher.hu\/fr\/wp-json\/wp\/v2\/users\/1"}],"replies":[{"embeddable":true,"href":"https:\/\/musicteacher.hu\/fr\/wp-json\/wp\/v2\/comments?post=333"}],"version-history":[{"count":4,"href":"https:\/\/musicteacher.hu\/fr\/wp-json\/wp\/v2\/pages\/333\/revisions"}],"predecessor-version":[{"id":351,"href":"https:\/\/musicteacher.hu\/fr\/wp-json\/wp\/v2\/pages\/333\/revisions\/351"}],"wp:attachment":[{"href":"https:\/\/musicteacher.hu\/fr\/wp-json\/wp\/v2\/media?parent=333"}],"curies":[{"name":"wp","href":"https:\/\/api.w.org\/{rel}","templated":true}]}}